{"id":17,"date":"2024-03-17T12:30:48","date_gmt":"2024-03-17T12:30:48","guid":{"rendered":"https:\/\/ramirogoniebienesraices.com.ar\/?page_id=17"},"modified":"2026-05-11T15:19:18","modified_gmt":"2026-05-11T15:19:18","slug":"quienes-somos","status":"publish","type":"page","link":"https:\/\/inmobiliariabigoritto.com.ar\/?page_id=17","title":{"rendered":"Quienes Somos"},"content":{"rendered":"<section class=\"rg-quienes\">\n<div class=\"rg-quienes-inner\">\n<div class=\"rg-foto-col\"><img decoding=\"async\" src=\"https:\/\/inmobiliariabigoritto.com.ar\/wp-content\/uploads\/2026\/05\/inmobiliaria-bigoritto-concordia.jpg\" alt=\"Bigoritto Inmobiliaria\" \/><\/p>\n<div class=\"rg-foto-overlay\"><\/div>\n<div class=\"rg-foto-accent\"><\/div>\n<div class=\"rg-foto-matriculas\"><span class=\"rg-mat\"><strong>Mat. COMPER<\/strong> xxxx<\/span><br \/>\n<span class=\"rg-mat\"><strong>Mat. CCPIER<\/strong> xxxx<\/span><\/div>\n<\/div>\n<div class=\"rg-contenido-col\">\n<div class=\"rg-label\">Qui\u00e9nes Somos<\/div>\n<h2 class=\"rg-nombre\">Inmobiliaria Bigoritto<\/h2>\n<div class=\"rg-cargo\">Martillero P\u00fablico y Corredor Inmobiliario<\/div>\n<div class=\"rg-bio\">\n<p>Somos Inmobiliaria Bigoritto, martillero p\u00fablico y corredor inmobiliario con una trayectoria en el mercado inmobiliario del litoral argentino.<\/p>\n<p>Trabajamos con <strong>compromiso, transparencia y profesionalismo<\/strong>, acompa\u00f1ando cada operaci\u00f3n de principio a fin. Entiendo que detr\u00e1s de cada propiedad hay una historia y una decisi\u00f3n importante.<\/p>\n<p>Brindamos <strong>asesoramiento integral y atenci\u00f3n directa<\/strong> en cada etapa del proceso, garantizando la mejor experiencia para compradores y vendedores.<\/p>\n<\/div>\n<div class=\"rg-direccion\">\n1 de Mayo 6, Concordia E.R.<\/div>\n<div class=\"rg-frase\">Tu inversi\u00f3n, nuestro compromiso.<\/div>\n<\/div>\n<\/div>\n<\/div>\n<\/section>\n<p>&nbsp;<\/p>\n","protected":false},"excerpt":{"rendered":"<p>Mat. COMPER xxxx Mat. CCPIER xxxx Qui\u00e9nes Somos Inmobiliaria Bigoritto Martillero P\u00fablico y Corredor Inmobiliario Somos Inmobiliaria Bigoritto, martillero p\u00fablico y corredor inmobiliario con una trayectoria en el mercado inmobiliario del litoral argentino. Trabajamos con compromiso, transparencia y profesionalismo, acompa\u00f1ando cada operaci\u00f3n de principio a fin. Entiendo que detr\u00e1s de cada propiedad hay una historia [&hellip;]<\/p>\n","protected":false},"author":1,"featured_media":0,"parent":0,"menu_order":0,"comment_status":"closed","ping_status":"closed","template":"","meta":{"_joinchat":[],"footnotes":""},"class_list":["post-17","page","type-page","status-publish","hentry"],"_links":{"self":[{"href":"https:\/\/inmobiliariabigoritto.com.ar\/index.php?rest_route=\/wp\/v2\/pages\/17","targetHints":{"allow":["GET"]}}],"collection":[{"href":"https:\/\/inmobiliariabigoritto.com.ar\/index.php?rest_route=\/wp\/v2\/pages"}],"about":[{"href":"https:\/\/inmobiliariabigoritto.com.ar\/index.php?rest_route=\/wp\/v2\/types\/page"}],"author":[{"embeddable":true,"href":"https:\/\/inmobiliariabigoritto.com.ar\/index.php?rest_route=\/wp\/v2\/users\/1"}],"replies":[{"embeddable":true,"href":"https:\/\/inmobiliariabigoritto.com.ar\/index.php?rest_route=%2Fwp%2Fv2%2Fcomments&post=17"}],"version-history":[{"count":9,"href":"https:\/\/inmobiliariabigoritto.com.ar\/index.php?rest_route=\/wp\/v2\/pages\/17\/revisions"}],"predecessor-version":[{"id":1178,"href":"https:\/\/inmobiliariabigoritto.com.ar\/index.php?rest_route=\/wp\/v2\/pages\/17\/revisions\/1178"}],"wp:attachment":[{"href":"https:\/\/inmobiliariabigoritto.com.ar\/index.php?rest_route=%2Fwp%2Fv2%2Fmedia&parent=17"}],"curies":[{"name":"wp","href":"https:\/\/api.w.org\/{rel}","templated":true}]}}